{"id":778,"date":"2021-07-30T11:22:09","date_gmt":"2021-07-30T09:22:09","guid":{"rendered":"https:\/\/backblechkoenig.de\/?page_id=778"},"modified":"2021-07-30T11:22:09","modified_gmt":"2021-07-30T09:22:09","slug":"home","status":"publish","type":"page","link":"https:\/\/backblechkoenig.de\/en\/","title":{"rendered":"Home"},"content":{"rendered":"<section class=\"l-section wpb_row height_auto width_full\" id=\"start\"><div class=\"l-section-h i-cf\"><div class=\"g-cols vc_row via_flex valign_middle type_default stacking_default\"><div class=\"vc_col-sm-6 wpb_column vc_column_container has_bg_color\"><div class=\"vc_column-inner us_custom_1a0a9ded\"><div class=\"wpb_wrapper\"><\/div><\/div><\/div><div class=\"vc_col-sm-6 wpb_column vc_column_container\"><div class=\"vc_column-inner us_custom_903f12dd\"><div class=\"wpb_wrapper\"><div class=\"g-cols wpb_row us_custom_1f64da91 via_flex valign_top type_default stacking_default\"><div class=\"vc_col-sm-2 vc_hidden-sm vc_hidden-xs wpb_column vc_column_container\"><div class=\"vc_column-inner\"><div class=\"wpb_wrapper\"><\/div><\/div><\/div><div class=\"vc_col-sm-12 vc_col-lg-8 vc_col-md-8 vc_col-xs-12 wpb_column vc_column_container\"><div class=\"vc_column-inner\"><div class=\"wpb_wrapper\"><div class=\"w-image align_none\"><div class=\"w-image-h\"><img decoding=\"async\" src=\"https:\/\/backblechkoenig.de\/wp-content\/uploads\/2021\/06\/Kronenicon.svg\" class=\"attachment-full size-full\" alt=\"Kronenicon\" loading=\"lazy\" title=\"Kronenicon\" \/><\/div><\/div>[vc_custom_heading text=&#8221;Backblechk\u00f6nig&#8221; font_container=&#8221;tag:h1|text_align:left&#8221; use_theme_fonts=&#8221;yes&#8221; css=&#8221;%7B%22default%22%3A%7B%22font-family%22%3A%22Norican%22%2C%22margin-top%22%3A%2215px%22%2C%22padding-top%22%3A%220rem%22%7D%7D&#8221;][vc_custom_heading text=&#8221;professional baker\u00b4s requirements and equpiments&#8221; font_container=&#8221;tag:p|text_align:left&#8221; use_theme_fonts=&#8221;yes&#8221; css=&#8221;%7B%22default%22%3A%7B%22font-weight%22%3A%22700%22%2C%22font-size%22%3A%221.5rem%22%7D%7D&#8221;]<div class=\"wpb_text_column\"><div class=\"wpb_wrapper\"><p>Backblechkoenig is a german manufacturer, based in Hamburg, Germany, with over 20 years\u2019 experience in manufacturing products made of aluminium, AluSteel (steel coated with aluminium on both sides), stainless steel and carbon steel. We supply and deliver within Germany, Europe and worldwide.<\/p>\n<\/div><\/div><div class=\"w-btn-wrapper align_none\"><a class=\"w-btn us-btn-style_1\" title=\"Check now!\" href=\"\/en\/products\/\"><span class=\"w-btn-label\">Check now!<\/span><\/a><\/div><\/div><\/div><\/div><div class=\"vc_col-sm-2 vc_hidden-sm vc_hidden-xs wpb_column vc_column_container\"><div class=\"vc_column-inner\"><div class=\"wpb_wrapper\"><\/div><\/div><\/div><\/div><\/div><\/div><\/div><\/div><\/div><\/section><section class=\"l-section wpb_row us_custom_d4bd18f5 height_medium color_alternate\"><div class=\"l-section-h i-cf\"><div class=\"g-cols vc_row via_flex valign_middle type_default stacking_default\"><div class=\"vc_col-sm-12 wpb_column vc_column_container\"><div class=\"vc_column-inner us_custom_42827c34\"><div class=\"wpb_wrapper\"><div class=\"g-cols wpb_row via_flex valign_top type_default stacking_default\" style=\"--additional-gap:1.5rem;\"><div class=\"vc_col-sm-6 vc_col-lg-4 vc_col-md-4 vc_col-xs-12 wpb_column vc_column_container en_kasten has_bg_color\"><div class=\"vc_column-inner us_custom_b4f9b34f\"><div class=\"wpb_wrapper\"><div class=\"w-image align_center\"><div class=\"w-image-h\"><img decoding=\"async\" width=\"652\" height=\"652\" src=\"https:\/\/backblechkoenig.de\/wp-content\/uploads\/2021\/06\/BBK2.jpg\" class=\"attachment-full size-full\" alt=\"Produktion von individuellen Backblechen und Gastronomiebedarf nach Ma\u00df im Werk Hamburg.\" loading=\"lazy\" srcset=\"https:\/\/backblechkoenig.de\/wp-content\/uploads\/2021\/06\/BBK2.jpg 652w, https:\/\/backblechkoenig.de\/wp-content\/uploads\/2021\/06\/BBK2-300x300.jpg 300w, https:\/\/backblechkoenig.de\/wp-content\/uploads\/2021\/06\/BBK2-150x150.jpg 150w, https:\/\/backblechkoenig.de\/wp-content\/uploads\/2021\/06\/BBK2-600x600.jpg 600w\" sizes=\"auto, (max-width: 652px) 100vw, 652px\" title=\"Wof\u00fcr wir sorgen\" \/><\/div><\/div><div class=\"w-separator size_small\"><\/div><div class=\"wpb_text_column\"><div class=\"wpb_wrapper\"><h3>We specialise&#8230;<\/h3>\n<p>&#8230; in manufacturing equipment for bakeries and patisseries. We manufacture over two thousand standard products, including: baking trays and moulds, baking and transport trolleys, stainless steel furniture and tables, doughnut-filling machines and fryers, display and transport trays as well as various accessories<\/p>\n<\/div><\/div><\/div><\/div><\/div><div class=\"vc_col-sm-6 vc_col-lg-4 vc_col-md-4 vc_col-xs-12 wpb_column vc_column_container en_kasten has_bg_color\"><div class=\"vc_column-inner us_custom_95065aec\"><div class=\"wpb_wrapper\"><div class=\"w-image align_center\"><div class=\"w-image-h\"><img decoding=\"async\" width=\"640\" height=\"640\" src=\"https:\/\/backblechkoenig.de\/wp-content\/uploads\/2021\/06\/BBK3.jpg\" class=\"attachment-full size-full\" alt=\"\u00dcbersicht des Backblechkoenig Portfolios mit Stikkenwagen, Regalwagen und Profi-Backblechen.\" loading=\"lazy\" srcset=\"https:\/\/backblechkoenig.de\/wp-content\/uploads\/2021\/06\/BBK3.jpg 640w, https:\/\/backblechkoenig.de\/wp-content\/uploads\/2021\/06\/BBK3-300x300.jpg 300w, https:\/\/backblechkoenig.de\/wp-content\/uploads\/2021\/06\/BBK3-150x150.jpg 150w, https:\/\/backblechkoenig.de\/wp-content\/uploads\/2021\/06\/BBK3-600x600.jpg 600w\" sizes=\"auto, (max-width: 640px) 100vw, 640px\" title=\"Unser Produkt\u00adportfolio\" \/><\/div><\/div><div class=\"w-separator size_small\"><\/div><div class=\"wpb_text_column\"><div class=\"wpb_wrapper\"><h3>Thanks to our technologically&#8230;<\/h3>\n<p>&#8230; advanced machinery, we are able to fulfil orders quickly and efficiently. We use modern technologies for production (alphanumeric machines, laser, CNC). Our technology department and manufacturing processes are based on digital geometric modeling using software and systems operating in the CAD, MCAD and 3D CAD SolidWorks systems.<\/p>\n<\/div><\/div><div class=\"w-separator size_small\"><\/div><div class=\"w-btn-wrapper align_justify\"><a class=\"w-btn us-btn-style_1\" title=\"Check now!\" href=\"\/en\/products\/\"><span class=\"w-btn-label\">Check now!<\/span><\/a><\/div><\/div><\/div><\/div><div class=\"vc_col-sm-12 vc_col-lg-4 vc_col-md-4 vc_col-xs-12 wpb_column vc_column_container en_kasten has_bg_color\"><div class=\"vc_column-inner us_custom_b4f9b34f\"><div class=\"wpb_wrapper\"><div class=\"w-image align_center\"><div class=\"w-image-h\"><img decoding=\"async\" width=\"652\" height=\"652\" src=\"https:\/\/backblechkoenig.de\/wp-content\/uploads\/2021\/06\/BBK4.jpg\" class=\"attachment-full size-full\" alt=\"Pr\u00e4sentation von Backwaren auf hochwertigen Ausstellblechen f\u00fcr Konditoreien und das B\u00e4ckerhandwerk.\" loading=\"lazy\" srcset=\"https:\/\/backblechkoenig.de\/wp-content\/uploads\/2021\/06\/BBK4.jpg 652w, https:\/\/backblechkoenig.de\/wp-content\/uploads\/2021\/06\/BBK4-300x300.jpg 300w, https:\/\/backblechkoenig.de\/wp-content\/uploads\/2021\/06\/BBK4-150x150.jpg 150w, https:\/\/backblechkoenig.de\/wp-content\/uploads\/2021\/06\/BBK4-600x600.jpg 600w\" sizes=\"auto, (max-width: 652px) 100vw, 652px\" title=\"Wir haben ein offenes Ohr\" \/><\/div><\/div><div class=\"w-separator size_small\"><\/div><div class=\"wpb_text_column\"><div class=\"wpb_wrapper\"><h3>We fulfil individual orders&#8230;<\/h3>\n<p>&#8230; and support solutions developed by our clients. Process documentation is prepared for each product manufactured on request, which allows for repeating the order even after a few years.<\/p>\n<\/div><\/div><\/div><\/div><\/div><\/div><\/div><\/div><\/div><\/div><\/div><\/section><section class=\"l-section wpb_row us_custom_cdfb9133 height_auto\" id=\"about-us\"><div class=\"l-section-h i-cf\"><div class=\"g-cols vc_row via_flex valign_middle type_default stacking_default\"><div class=\"vc_col-sm-12 wpb_column vc_column_container\"><div class=\"vc_column-inner us_custom_903f12dd\"><div class=\"wpb_wrapper\"><div class=\"g-cols wpb_row via_flex valign_top type_default stacking_default\"><div class=\"vc_col-sm-6 wpb_column vc_column_container\"><div class=\"vc_column-inner us_custom_57f5615c\"><div class=\"wpb_wrapper\"><div class=\"w-image align_center\"><div class=\"w-image-h\"><img decoding=\"async\" width=\"612\" height=\"612\" src=\"https:\/\/backblechkoenig.de\/wp-content\/uploads\/2021\/06\/BBK5.jpg\" class=\"attachment-full size-full\" alt=\"Hauptsitz und Produktionshalle der Backblechkoenig GmbH in Hamburg \u2013 Ihr Hersteller f\u00fcr Profi-B\u00e4ckereibedarf.\" loading=\"lazy\" srcset=\"https:\/\/backblechkoenig.de\/wp-content\/uploads\/2021\/06\/BBK5.jpg 612w, https:\/\/backblechkoenig.de\/wp-content\/uploads\/2021\/06\/BBK5-300x300.jpg 300w, https:\/\/backblechkoenig.de\/wp-content\/uploads\/2021\/06\/BBK5-150x150.jpg 150w, https:\/\/backblechkoenig.de\/wp-content\/uploads\/2021\/06\/BBK5-600x600.jpg 600w\" sizes=\"auto, (max-width: 612px) 100vw, 612px\" title=\"\u00dcber uns\" \/><\/div><\/div><\/div><\/div><\/div><div class=\"vc_col-sm-6 wpb_column vc_column_container\"><div class=\"vc_column-inner\"><div class=\"wpb_wrapper\"><\/div><\/div><\/div><\/div><div class=\"g-cols wpb_row us_custom_4ec1ede3 via_flex valign_top type_default stacking_default\"><div class=\"vc_col-sm-2\/5 wpb_column vc_column_container\"><div class=\"vc_column-inner\"><div class=\"wpb_wrapper\"><\/div><\/div><\/div><div class=\"vc_col-sm-3\/5 wpb_column vc_column_container en_kasten en_schweben has_bg_color\"><div class=\"vc_column-inner us_custom_b4f9b34f\"><div class=\"wpb_wrapper\">[vc_custom_heading text=&#8221;About us&#8221; use_theme_fonts=&#8221;yes&#8221; css=&#8221;%7B%22default%22%3A%7B%22padding-top%22%3A%220rem%22%7D%7D&#8221;]<div class=\"wpb_text_column\"><div class=\"wpb_wrapper\"><p>Owing to our own advanced manufacturing infrastructure, we offer state-of-the-art coatings for baking trays and moulds, which allow for significant savings in bakeries and patisseries. We manufacture very durable AluSteel products. We can also apply non-stick coatings (silicone and polymer based) to custom-made baking trays and moulds.<\/p>\n<p>Backblechk\u00f6nig employs highly qualified and experienced specialists who understand the specific requirements of the bakery and patisserie sectors.<\/p>\n<\/div><\/div><\/div><\/div><\/div><\/div><\/div><\/div><\/div><\/div><\/div><\/section><section class=\"l-section wpb_row height_medium\"><div class=\"l-section-h i-cf\"><div class=\"g-cols vc_row via_flex valign_middle type_default stacking_default\"><div class=\"vc_col-sm-12 wpb_column vc_column_container\"><div class=\"vc_column-inner us_custom_903f12dd\"><div class=\"wpb_wrapper\"><div class=\"g-cols wpb_row us_custom_fbd0f02e via_flex valign_top type_default stacking_default\"><div class=\"vc_col-sm-3\/5 wpb_column vc_column_container en_kasten has_bg_color\"><div class=\"vc_column-inner us_custom_b4f9b34f\"><div class=\"wpb_wrapper\"><div class=\"wpb_text_column\"><div class=\"wpb_wrapper\"><p>Through an intensively cultivated exchange of experience with our customers, we have a far above-average level of knowledge, which is reflected in the high quality of our goods.<\/p>\n<p>In addition, we can respond to many special requests of our customers.<\/p>\n<p>We always have an open ear for our customers&#8217; problems and solve them in the shortest possible time through flexibility and dynamism.<\/p>\n<p>We would be pleased to count YOU among our satisfied customers. Check us out!<\/p>\n<\/div><\/div><div class=\"w-btn-wrapper align_none\"><a class=\"w-btn us-btn-style_1\" title=\"Contact\" href=\"\/en\/contact\/\"><span class=\"w-btn-label\">Get in contact now!<\/span><\/a><\/div><\/div><\/div><\/div><div class=\"vc_col-sm-2\/5 wpb_column vc_column_container\"><div class=\"vc_column-inner\"><div class=\"wpb_wrapper\"><\/div><\/div><\/div><\/div><div class=\"g-cols wpb_row us_custom_44c23fea via_flex valign_top type_default stacking_default\"><div class=\"vc_col-sm-2\/5 wpb_column vc_column_container\"><div class=\"vc_column-inner\"><div class=\"wpb_wrapper\"><\/div><\/div><\/div><div class=\"vc_col-sm-3\/5 wpb_column vc_column_container\"><div class=\"vc_column-inner us_custom_57f5615c\"><div class=\"wpb_wrapper\"><div class=\"w-image has_ratio align_center\"><div class=\"w-image-h\"><div style=\"padding-bottom:100%\"><\/div><img decoding=\"async\" width=\"960\" height=\"1440\" src=\"https:\/\/backblechkoenig.de\/wp-content\/uploads\/2021\/06\/BBK6.jpg\" class=\"attachment-full size-full\" alt=\"Authentischer Einblick in den B\u00e4ckerei-Alltag: Eine B\u00e4ckerin best\u00fcckt die Regalsysteme mit frisch gebackenem Brot f\u00fcr die Warenpr\u00e4sentation.\" loading=\"lazy\" title=\"Kontakt\" \/><\/div><\/div><\/div><\/div><\/div><\/div><\/div><\/div><\/div><\/div><\/div><\/section>\n","protected":false},"excerpt":{"rendered":"[vc_custom_heading text=\"Backblechk\u00f6nig\" font_container=\"tag:h1|text_align:left\" use_theme_fonts=\"yes\" css=\"%7B%22default%22%3A%7B%22font-family%22%3A%22Norican%22%2C%22margin-top%22%3A%2215px%22%2C%22padding-top%22%3A%220rem%22%7D%7D\"][vc_custom_heading text=\"professional baker\u00b4s requirements and equpiments\" font_container=\"tag:p|text_align:left\" use_theme_fonts=\"yes\" css=\"%7B%22default%22%3A%7B%22font-weight%22%3A%22700%22%2C%22font-size%22%3A%221.5rem%22%7D%7D\"]Backblechkoenig is a german manufacturer, based in Hamburg, Germany, with over 20 years\u2019 experience in manufacturing products made of aluminium, AluSteel (steel coated with aluminium on both sides), stainless steel and carbon steel. We supply and deliver within Germany, Europe and worldwide. Check...","protected":false},"author":2,"featured_media":0,"parent":0,"menu_order":0,"comment_status":"closed","ping_status":"open","template":"","meta":{"footnotes":""},"class_list":["post-778","page","type-page","status-publish","hentry"],"_links":{"self":[{"href":"https:\/\/backblechkoenig.de\/en\/wp-json\/wp\/v2\/pages\/778","targetHints":{"allow":["GET"]}}],"collection":[{"href":"https:\/\/backblechkoenig.de\/en\/wp-json\/wp\/v2\/pages"}],"about":[{"href":"https:\/\/backblechkoenig.de\/en\/wp-json\/wp\/v2\/types\/page"}],"author":[{"embeddable":true,"href":"https:\/\/backblechkoenig.de\/en\/wp-json\/wp\/v2\/users\/2"}],"replies":[{"embeddable":true,"href":"https:\/\/backblechkoenig.de\/en\/wp-json\/wp\/v2\/comments?post=778"}],"version-history":[{"count":0,"href":"https:\/\/backblechkoenig.de\/en\/wp-json\/wp\/v2\/pages\/778\/revisions"}],"wp:attachment":[{"href":"https:\/\/backblechkoenig.de\/en\/wp-json\/wp\/v2\/media?parent=778"}],"curies":[{"name":"wp","href":"https:\/\/api.w.org\/{rel}","templated":true}]}}